{"id":360,"date":"2020-06-10T11:50:41","date_gmt":"2020-06-10T11:50:41","guid":{"rendered":"http:\/\/localhost\/context\/?page_id=360"},"modified":"2023-11-13T12:23:22","modified_gmt":"2023-11-13T12:23:22","slug":"pocetna","status":"publish","type":"page","link":"https:\/\/burad.co.rs\/","title":{"rendered":"Po\u010detna"},"content":{"rendered":"\t\t<div data-elementor-type=\"wp-page\" data-elementor-id=\"360\" class=\"elementor elementor-360\">\n\t\t\t\t<div class=\"elementor-element elementor-element-a96ee0a e-flex e-con-boxed e-con e-parent\" data-id=\"a96ee0a\" data-element_type=\"container\" data-e-type=\"container\">\n\t\t\t\t\t<div class=\"e-con-inner\">\n\t\t\t\t<div class=\"elementor-element elementor-element-41c27fd elementor-widget elementor-widget-image\" data-id=\"41c27fd\" data-element_type=\"widget\" data-e-type=\"widget\" data-widget_type=\"image.default\">\n\t\t\t\t<div class=\"elementor-widget-container\">\n\t\t\t\t\t\t\t\t\t\t\t\t\t\t\t<img fetchpriority=\"high\" decoding=\"async\" width=\"682\" height=\"1024\" src=\"https:\/\/burad.co.rs\/wp-content\/uploads\/2023\/11\/bure-682x1024.jpg\" class=\"attachment-large size-large wp-image-11403\" alt=\"\" srcset=\"https:\/\/burad.co.rs\/wp-content\/uploads\/2023\/11\/bure-682x1024.jpg 682w, https:\/\/burad.co.rs\/wp-content\/uploads\/2023\/11\/bure-200x300.jpg 200w, https:\/\/burad.co.rs\/wp-content\/uploads\/2023\/11\/bure-768x1152.jpg 768w, https:\/\/burad.co.rs\/wp-content\/uploads\/2023\/11\/bure-1024x1536.jpg 1024w, https:\/\/burad.co.rs\/wp-content\/uploads\/2023\/11\/bure.jpg 1333w\" sizes=\"(max-width: 682px) 100vw, 682px\" \/>\t\t\t\t\t\t\t\t\t\t\t\t\t\t\t<\/div>\n\t\t\t\t<\/div>\n\t\t\t\t\t<\/div>\n\t\t\t\t<\/div>\n\t\t<div class=\"elementor-element elementor-element-65e8f48 e-flex e-con-boxed e-con e-parent\" data-id=\"65e8f48\" data-element_type=\"container\" data-e-type=\"container\">\n\t\t\t\t\t<div class=\"e-con-inner\">\n\t\t<div class=\"elementor-element elementor-element-28db24d e-con-full e-flex e-con e-child\" data-id=\"28db24d\" data-element_type=\"container\" data-e-type=\"container\">\n\t\t\t\t<div class=\"elementor-element elementor-element-f9c9570 elementor-widget elementor-widget-image\" data-id=\"f9c9570\" data-element_type=\"widget\" data-e-type=\"widget\" data-widget_type=\"image.default\">\n\t\t\t\t<div class=\"elementor-widget-container\">\n\t\t\t\t\t\t\t\t\t\t\t\t\t\t\t<img decoding=\"async\" width=\"1024\" height=\"346\" src=\"https:\/\/burad.co.rs\/wp-content\/uploads\/2023\/11\/s1-1-1024x346.jpg\" class=\"attachment-large size-large wp-image-11399\" alt=\"\" srcset=\"https:\/\/burad.co.rs\/wp-content\/uploads\/2023\/11\/s1-1-1024x346.jpg 1024w, https:\/\/burad.co.rs\/wp-content\/uploads\/2023\/11\/s1-1-300x101.jpg 300w, https:\/\/burad.co.rs\/wp-content\/uploads\/2023\/11\/s1-1-768x260.jpg 768w, https:\/\/burad.co.rs\/wp-content\/uploads\/2023\/11\/s1-1-1536x519.jpg 1536w, https:\/\/burad.co.rs\/wp-content\/uploads\/2023\/11\/s1-1.jpg 1804w\" sizes=\"(max-width: 1024px) 100vw, 1024px\" \/>\t\t\t\t\t\t\t\t\t\t\t\t\t\t\t<\/div>\n\t\t\t\t<\/div>\n\t\t\t\t<\/div>\n\t\t<div class=\"elementor-element elementor-element-83d6f03 e-con-full e-flex e-con e-child\" data-id=\"83d6f03\" data-element_type=\"container\" data-e-type=\"container\">\n\t\t\t\t<div class=\"elementor-element elementor-element-c1b6f80 elementor-widget elementor-widget-text-editor\" data-id=\"c1b6f80\" data-element_type=\"widget\" data-e-type=\"widget\" data-widget_type=\"text-editor.default\">\n\t\t\t\t<div class=\"elementor-widget-container\">\n\t\t\t\t\t\t\t\t\t<p>Burad za fermentaciju i \u010duvanje vina, rakiju i drugih prehrambenih te\u010dnosti. <br \/><strong>Kapacitet: od 25litara do 20000 litara. <\/strong>Izra\u0111eni su od visokokvalitetnog polipropilena <strong>PP-H prehrambenog kvaliteta, sa EU certifikatom. <\/strong><br \/>Mogu se koristiti za \u010duvanje vina, meda, piva, rakiju, kupusa, ulja i drugih prehrambenih proizvoda, industrija mesa, sokovi. . . <br \/>Za vino se izra\u0111uju sa plivaju\u0107im poklopcem. <br \/>Vrlo lako se odr\u017eavaju, materijal je otporan na agresivnu pH vrednost.<\/p>\t\t\t\t\t\t\t\t<\/div>\n\t\t\t\t<\/div>\n\t\t\t\t<\/div>\n\t\t\t\t\t<\/div>\n\t\t\t\t<\/div>\n\t\t<div class=\"elementor-element elementor-element-3376b5e e-flex e-con-boxed e-con e-parent\" data-id=\"3376b5e\" data-element_type=\"container\" data-e-type=\"container\">\n\t\t\t\t\t<div class=\"e-con-inner\">\n\t\t\t\t<div class=\"elementor-element elementor-element-3db893f elementor-widget elementor-widget-text-editor\" data-id=\"3db893f\" data-element_type=\"widget\" data-e-type=\"widget\" data-widget_type=\"text-editor.default\">\n\t\t\t\t<div class=\"elementor-widget-container\">\n\t\t\t\t\t\t\t\t\t<p style=\"text-align: left;\"><strong>Opremljeni su: <\/strong>\u00a0 plasti\u010dnim ru\u010dkama za preno\u0161enje, enolo\u0161kom slavinom 1\/2 za istakanje.<\/p><p style=\"text-align: left;\">Za potrebe skladi\u0161tenja te\u010dnosti koje lako isparavaju poput rakije izra\u0111ene su sa PP \u010depom sa navojem koji se zavr\u0107e i u potpunosti spre\u010dava isparenja. \u00a0 <br \/>Dimenzija \u010depa 40mm, kod ve\u0107ih buradi 63mm \u010depom, ili po zahtevu klijenta i ve\u0107a.<\/p><p style=\"text-align: left;\">Mogu biti opremljeni bilo kojom drugom slavinom (slavina za med), priklju\u010dcima za termometar, rashladni sistem, kao i nogama. <br \/>Tako\u017ee mogu biti izra\u0111eni sa<strong> integrisanim nivokazom u pla\u0161tu. <\/strong><\/p><p style=\"text-align: left;\">Zapremina: od 25 do 20000 litara. Mogu biti izra\u0111eni u dimenzijama prema zahtevu kupca i ve\u0107im zapreminama.<\/p><p style=\"text-align: left;\">U ponudi imamo i manje horizontalne posude sa integrisanim ili prenosnim stalkom.<\/p>\t\t\t\t\t\t\t\t<\/div>\n\t\t\t\t<\/div>\n\t\t\t\t\t<\/div>\n\t\t\t\t<\/div>\n\t\t\t\t<section class=\"elementor-section elementor-top-section elementor-element elementor-element-355fbf2 elementor-section-boxed elementor-section-height-default elementor-section-height-default\" data-id=\"355fbf2\" data-element_type=\"section\" data-e-type=\"section\">\n\t\t\t\t\t\t<div class=\"elementor-container elementor-column-gap-default\">\n\t\t\t\t\t<div class=\"elementor-column elementor-col-100 elementor-top-column elementor-element elementor-element-d3a8b38\" data-id=\"d3a8b38\" data-element_type=\"column\" data-e-type=\"column\">\n\t\t\t<div class=\"elementor-widget-wrap elementor-element-populated\">\n\t\t\t\t\t\t<section class=\"elementor-section elementor-inner-section elementor-element elementor-element-5544f76 elementor-section-boxed elementor-section-height-default elementor-section-height-default\" data-id=\"5544f76\" data-element_type=\"section\" data-e-type=\"section\" data-settings=\"{&quot;background_background&quot;:&quot;classic&quot;}\">\n\t\t\t\t\t\t\t<div class=\"elementor-background-overlay\"><\/div>\n\t\t\t\t\t\t\t<div class=\"elementor-container elementor-column-gap-default\">\n\t\t\t\t\t<div class=\"elementor-column elementor-col-50 elementor-inner-column elementor-element elementor-element-108fdd2\" data-id=\"108fdd2\" data-element_type=\"column\" data-e-type=\"column\">\n\t\t\t<div class=\"elementor-widget-wrap elementor-element-populated\">\n\t\t\t\t\t\t<div class=\"elementor-element elementor-element-5a4d895 elementor-widget__width-initial elementor-widget elementor-widget-witr_section_service\" data-id=\"5a4d895\" data-element_type=\"widget\" data-e-type=\"widget\" data-widget_type=\"witr_section_service.default\">\n\t\t\t\t<div class=\"elementor-widget-container\">\n\t\t\t\t\t\t\n\t\t\n\t\t\t<div class=\"em-service2 sleft all_color_service\">\n\t\t\t\t<div class=\"em_service_content \">\n\t\t\t\t\t<div class=\"em_single_service_text  \">\n\t\t\t\t\t\t<div class=\"service_top_image\">\n\t\t\t\t\t\t\t<!-- image -->\n\t\t\t\t\t\t\t\t\t\t\n\t\t\t\t\t\t<\/div>\n\t\t\t\t\t\t<div class=\"text_box witr_s_flex\">\n\t\t\t\t\t\t\t<div class=\"service_top_text all_icon_color\">\n\t\t\t\t\t\t\t\t<div class=\"em-service-icon\">\n\t\t\t\t\t\t\t\t\t<!-- icon -->\n\t\t\t\t\t\t\t\t\t\t\t\t\t\t\t\t\t\t\t<i class=\"flaticon flaticon-phone-call\"><\/i>\n\t\t\t\t\t\t\t\t\t\t\t\t\t\t\n\t\t\t\t\t\t\t\t\t<!-- custom icon -->\n\t\t\t\t\t\t\t\t\t\t\t\t\t\t\t\t\t\t<!-- image -->\n\t\t\t\t\t\t\t\t\t\t\t\t\t\n\t\t\t\t\t\t\t\t<\/div>\t\t\t\n\t\t\t\t\t\t\t<\/div>\n\t\t\t\t\t\t\t<div class=\"em-service-inner\">\n\t\t\t\t\t\t\t\t<div class=\"em-service-title\">\n\t\t\t\t\t\t\t\t\t<!-- title -->\n\t\t\t\t\t\t\t\t\t\t\t\t\t\t\t\t\t\t \n\t\t\t\t\t\t\t\t\t\t<h3><a href=\"tel:0132103988\">Pozovite nas<\/a><\/h3>\n\t\t\t\t\t\t\t\t\t\t\t\t\t\t\t\t\t\t\t\t\t\t\t\t\t\t\t<!-- content -->\n\t\t\t\t\t\t\t\t<\/div>\t\t\t\t\t\t\n\t\t\t\t\t\t\t\t<div class=\"em-service-desc\">\n\t\t\t\t\t\t\t\t\t\t\t\t\t\t\t\t\t\t\t<p>Kontakt telefon: 0132103988\n <\/p>\t\t\n\t\t\t\t\t\t\t\t\t\t\t\t\t\t\t\t\t<\/div>\n\t\t\t\t\t\t\t\t<!-- button -->\n\t\t\t\t\t\t\t\t\t\t\t\t\n\t\t\t\t\t\t\t<\/div>\n\t\t\t\t\t\t<\/div>\n\t\t\t\t\t<\/div>\n\t\t\t\t<\/div>\n\t\t\t<\/div>\t\t\t\n\n\t\t\t\t\n\t\t\t\t\t\t<\/div>\n\t\t\t\t<\/div>\n\t\t\t\t\t<\/div>\n\t\t<\/div>\n\t\t\t\t<div class=\"elementor-column elementor-col-50 elementor-inner-column elementor-element elementor-element-6ecfd7d\" data-id=\"6ecfd7d\" data-element_type=\"column\" data-e-type=\"column\">\n\t\t\t<div class=\"elementor-widget-wrap elementor-element-populated\">\n\t\t\t\t\t\t<div class=\"elementor-element elementor-element-95c4cba elementor-widget elementor-widget-witr_section_service\" data-id=\"95c4cba\" data-element_type=\"widget\" data-e-type=\"widget\" data-widget_type=\"witr_section_service.default\">\n\t\t\t\t<div class=\"elementor-widget-container\">\n\t\t\t\t\t\t\n\t\t\n\t\t\t<div class=\"em-service2 sleft all_color_service\">\n\t\t\t\t<div class=\"em_service_content \">\n\t\t\t\t\t<div class=\"em_single_service_text  \">\n\t\t\t\t\t\t<div class=\"service_top_image\">\n\t\t\t\t\t\t\t<!-- image -->\n\t\t\t\t\t\t\t\t\t\t\n\t\t\t\t\t\t<\/div>\n\t\t\t\t\t\t<div class=\"text_box witr_s_flex\">\n\t\t\t\t\t\t\t<div class=\"service_top_text all_icon_color\">\n\t\t\t\t\t\t\t\t<div class=\"em-service-icon\">\n\t\t\t\t\t\t\t\t\t<!-- icon -->\n\t\t\t\t\t\t\t\t\t\t\t\t\t\t\t\t\t\t\t<i class=\"icofont icofont-info-square\"><\/i>\n\t\t\t\t\t\t\t\t\t\t\t\t\t\t\n\t\t\t\t\t\t\t\t\t<!-- custom icon -->\n\t\t\t\t\t\t\t\t\t\t\t\t\t\t\t\t\t\t<!-- image -->\n\t\t\t\t\t\t\t\t\t\t\t\t\t\n\t\t\t\t\t\t\t\t<\/div>\t\t\t\n\t\t\t\t\t\t\t<\/div>\n\t\t\t\t\t\t\t<div class=\"em-service-inner\">\n\t\t\t\t\t\t\t\t<div class=\"em-service-title\">\n\t\t\t\t\t\t\t\t\t<!-- title -->\n\t\t\t\t\t\t\t\t\t\t\t\t\t\t\t\t\t\t \n\t\t\t\t\t\t\t\t\t\t<h3><a href=\"https:\/\/burad.co.rs\/wp-content\/uploads\/2023\/11\/PP_Burad_Katalog_20231-scaled.jpg\" target=\"_blank\">Katalog proizvoda<\/a><\/h3>\n\t\t\t\t\t\t\t\t\t\t\t\t\t\t\t\t\t\t\t\t\t\t\t\t\t\t\t<!-- content -->\n\t\t\t\t\t\t\t\t<\/div>\t\t\t\t\t\t\n\t\t\t\t\t\t\t\t<div class=\"em-service-desc\">\n\t\t\t\t\t\t\t\t\t\t\t\t\t\t\t\t\t\t\t<p>\n <\/p>\t\t\n\t\t\t\t\t\t\t\t\t\t\t\t\t\t\t\t\t<\/div>\n\t\t\t\t\t\t\t\t<!-- button -->\n\t\t\t\t\t\t\t\t\t\t\t\t\t\t\t\t\t<div class=\"service-btn\">\n\t\t\t\t\t\t\t\t\t\t<a href=\"https:\/\/burad.co.rs\/wp-content\/uploads\/2023\/11\/PP_Burad_Katalog_20231-scaled.jpg\">Saznaj vi\u0161e\t\t\t\t\t\t\t\t\t\t\t\t\t\t\t\t\t\t\t\t\t\n\t\t\t\t\t\t\t\t\t\t<\/a>\n\t\t\t\t\t\t\t\t\t<\/div>\n\t\t\t\t\t\t\t\t\t\t\t\t\n\t\t\t\t\t\t\t<\/div>\n\t\t\t\t\t\t<\/div>\n\t\t\t\t\t<\/div>\n\t\t\t\t<\/div>\n\t\t\t<\/div>\t\t\t\n\n\t\t\t\t\n\t\t\t\t\t\t<\/div>\n\t\t\t\t<\/div>\n\t\t\t\t\t<\/div>\n\t\t<\/div>\n\t\t\t\t\t<\/div>\n\t\t<\/section>\n\t\t\t\t\t<\/div>\n\t\t<\/div>\n\t\t\t\t\t<\/div>\n\t\t<\/section>\n\t\t\t\t<\/div>\n\t\t","protected":false},"excerpt":{"rendered":"<p>Burad za fermentaciju i \u010duvanje vina, rakiju i drugih prehrambenih te\u010dnosti. Kapacitet: od 25litara do 20000 litara. Izra\u0111eni su od visokokvalitetnog polipropilena PP-H prehrambenog kvaliteta, sa EU certifikatom. Mogu se koristiti za \u010duvanje vina, meda, piva, rakiju, kupusa, ulja i drugih prehrambenih proizvoda, industrija mesa, sokovi. . . Za vino se izra\u0111uju sa plivaju\u0107im poklopcem. [&hellip;]<\/p>\n","protected":false},"author":1,"featured_media":0,"parent":0,"menu_order":0,"comment_status":"closed","ping_status":"closed","template":"template-home.php","meta":{"footnotes":""},"class_list":["post-360","page","type-page","status-publish","hentry"],"yoast_head":"<!-- This site is optimized with the Yoast SEO plugin v27.3 - https:\/\/yoast.com\/product\/yoast-seo-wordpress\/ -->\n<title>Po\u010detna - Burad<\/title>\n<meta name=\"robots\" content=\"index, follow, max-snippet:-1, max-image-preview:large, max-video-preview:-1\" \/>\n<link rel=\"canonical\" href=\"https:\/\/burad.co.rs\/\" \/>\n<meta property=\"og:locale\" content=\"en_US\" \/>\n<meta property=\"og:type\" content=\"article\" \/>\n<meta property=\"og:title\" content=\"Po\u010detna - Burad\" \/>\n<meta property=\"og:description\" content=\"Burad za fermentaciju i \u010duvanje vina, rakiju i drugih prehrambenih te\u010dnosti. Kapacitet: od 25litara do 20000 litara. Izra\u0111eni su od visokokvalitetnog polipropilena PP-H prehrambenog kvaliteta, sa EU certifikatom. Mogu se koristiti za \u010duvanje vina, meda, piva, rakiju, kupusa, ulja i drugih prehrambenih proizvoda, industrija mesa, sokovi. . . Za vino se izra\u0111uju sa plivaju\u0107im poklopcem. [&hellip;]\" \/>\n<meta property=\"og:url\" content=\"https:\/\/burad.co.rs\/\" \/>\n<meta property=\"og:site_name\" content=\"Burad\" \/>\n<meta property=\"article:modified_time\" content=\"2023-11-13T12:23:22+00:00\" \/>\n<meta property=\"og:image\" content=\"https:\/\/burad.co.rs\/wp-content\/uploads\/2023\/11\/bure-682x1024.jpg\" \/>\n<meta name=\"twitter:card\" content=\"summary_large_image\" \/>\n<meta name=\"twitter:label1\" content=\"Est. reading time\" \/>\n\t<meta name=\"twitter:data1\" content=\"2 minutes\" \/>\n<script type=\"application\/ld+json\" class=\"yoast-schema-graph\">{\"@context\":\"https:\\\/\\\/schema.org\",\"@graph\":[{\"@type\":\"WebPage\",\"@id\":\"https:\\\/\\\/burad.co.rs\\\/\",\"url\":\"https:\\\/\\\/burad.co.rs\\\/\",\"name\":\"Po\u010detna - Burad\",\"isPartOf\":{\"@id\":\"https:\\\/\\\/burad.co.rs\\\/#website\"},\"primaryImageOfPage\":{\"@id\":\"https:\\\/\\\/burad.co.rs\\\/#primaryimage\"},\"image\":{\"@id\":\"https:\\\/\\\/burad.co.rs\\\/#primaryimage\"},\"thumbnailUrl\":\"https:\\\/\\\/burad.co.rs\\\/wp-content\\\/uploads\\\/2023\\\/11\\\/bure-682x1024.jpg\",\"datePublished\":\"2020-06-10T11:50:41+00:00\",\"dateModified\":\"2023-11-13T12:23:22+00:00\",\"breadcrumb\":{\"@id\":\"https:\\\/\\\/burad.co.rs\\\/#breadcrumb\"},\"inLanguage\":\"en-US\",\"potentialAction\":[{\"@type\":\"ReadAction\",\"target\":[\"https:\\\/\\\/burad.co.rs\\\/\"]}]},{\"@type\":\"ImageObject\",\"inLanguage\":\"en-US\",\"@id\":\"https:\\\/\\\/burad.co.rs\\\/#primaryimage\",\"url\":\"https:\\\/\\\/burad.co.rs\\\/wp-content\\\/uploads\\\/2023\\\/11\\\/bure.jpg\",\"contentUrl\":\"https:\\\/\\\/burad.co.rs\\\/wp-content\\\/uploads\\\/2023\\\/11\\\/bure.jpg\",\"width\":1333,\"height\":2000},{\"@type\":\"BreadcrumbList\",\"@id\":\"https:\\\/\\\/burad.co.rs\\\/#breadcrumb\",\"itemListElement\":[{\"@type\":\"ListItem\",\"position\":1,\"name\":\"Home\",\"item\":\"https:\\\/\\\/burad.co.rs\\\/\"},{\"@type\":\"ListItem\",\"position\":2,\"name\":\"Po\u010detna\"}]},{\"@type\":\"WebSite\",\"@id\":\"https:\\\/\\\/burad.co.rs\\\/#website\",\"url\":\"https:\\\/\\\/burad.co.rs\\\/\",\"name\":\"Burad\",\"description\":\"Buri\u0107i, kace, ba\u010dve za vino, raki, prehrambene te\u010dnosti\",\"potentialAction\":[{\"@type\":\"SearchAction\",\"target\":{\"@type\":\"EntryPoint\",\"urlTemplate\":\"https:\\\/\\\/burad.co.rs\\\/?s={search_term_string}\"},\"query-input\":{\"@type\":\"PropertyValueSpecification\",\"valueRequired\":true,\"valueName\":\"search_term_string\"}}],\"inLanguage\":\"en-US\"}]}<\/script>\n<!-- \/ Yoast SEO plugin. -->","yoast_head_json":{"title":"Po\u010detna - Burad","robots":{"index":"index","follow":"follow","max-snippet":"max-snippet:-1","max-image-preview":"max-image-preview:large","max-video-preview":"max-video-preview:-1"},"canonical":"https:\/\/burad.co.rs\/","og_locale":"en_US","og_type":"article","og_title":"Po\u010detna - Burad","og_description":"Burad za fermentaciju i \u010duvanje vina, rakiju i drugih prehrambenih te\u010dnosti. Kapacitet: od 25litara do 20000 litara. Izra\u0111eni su od visokokvalitetnog polipropilena PP-H prehrambenog kvaliteta, sa EU certifikatom. Mogu se koristiti za \u010duvanje vina, meda, piva, rakiju, kupusa, ulja i drugih prehrambenih proizvoda, industrija mesa, sokovi. . . Za vino se izra\u0111uju sa plivaju\u0107im poklopcem. [&hellip;]","og_url":"https:\/\/burad.co.rs\/","og_site_name":"Burad","article_modified_time":"2023-11-13T12:23:22+00:00","og_image":[{"url":"https:\/\/burad.co.rs\/wp-content\/uploads\/2023\/11\/bure-682x1024.jpg","type":"","width":"","height":""}],"twitter_card":"summary_large_image","twitter_misc":{"Est. reading time":"2 minutes"},"schema":{"@context":"https:\/\/schema.org","@graph":[{"@type":"WebPage","@id":"https:\/\/burad.co.rs\/","url":"https:\/\/burad.co.rs\/","name":"Po\u010detna - Burad","isPartOf":{"@id":"https:\/\/burad.co.rs\/#website"},"primaryImageOfPage":{"@id":"https:\/\/burad.co.rs\/#primaryimage"},"image":{"@id":"https:\/\/burad.co.rs\/#primaryimage"},"thumbnailUrl":"https:\/\/burad.co.rs\/wp-content\/uploads\/2023\/11\/bure-682x1024.jpg","datePublished":"2020-06-10T11:50:41+00:00","dateModified":"2023-11-13T12:23:22+00:00","breadcrumb":{"@id":"https:\/\/burad.co.rs\/#breadcrumb"},"inLanguage":"en-US","potentialAction":[{"@type":"ReadAction","target":["https:\/\/burad.co.rs\/"]}]},{"@type":"ImageObject","inLanguage":"en-US","@id":"https:\/\/burad.co.rs\/#primaryimage","url":"https:\/\/burad.co.rs\/wp-content\/uploads\/2023\/11\/bure.jpg","contentUrl":"https:\/\/burad.co.rs\/wp-content\/uploads\/2023\/11\/bure.jpg","width":1333,"height":2000},{"@type":"BreadcrumbList","@id":"https:\/\/burad.co.rs\/#breadcrumb","itemListElement":[{"@type":"ListItem","position":1,"name":"Home","item":"https:\/\/burad.co.rs\/"},{"@type":"ListItem","position":2,"name":"Po\u010detna"}]},{"@type":"WebSite","@id":"https:\/\/burad.co.rs\/#website","url":"https:\/\/burad.co.rs\/","name":"Burad","description":"Buri\u0107i, kace, ba\u010dve za vino, raki, prehrambene te\u010dnosti","potentialAction":[{"@type":"SearchAction","target":{"@type":"EntryPoint","urlTemplate":"https:\/\/burad.co.rs\/?s={search_term_string}"},"query-input":{"@type":"PropertyValueSpecification","valueRequired":true,"valueName":"search_term_string"}}],"inLanguage":"en-US"}]}},"_links":{"self":[{"href":"https:\/\/burad.co.rs\/index.php\/wp-json\/wp\/v2\/pages\/360","targetHints":{"allow":["GET"]}}],"collection":[{"href":"https:\/\/burad.co.rs\/index.php\/wp-json\/wp\/v2\/pages"}],"about":[{"href":"https:\/\/burad.co.rs\/index.php\/wp-json\/wp\/v2\/types\/page"}],"author":[{"embeddable":true,"href":"https:\/\/burad.co.rs\/index.php\/wp-json\/wp\/v2\/users\/1"}],"replies":[{"embeddable":true,"href":"https:\/\/burad.co.rs\/index.php\/wp-json\/wp\/v2\/comments?post=360"}],"version-history":[{"count":44,"href":"https:\/\/burad.co.rs\/index.php\/wp-json\/wp\/v2\/pages\/360\/revisions"}],"predecessor-version":[{"id":11454,"href":"https:\/\/burad.co.rs\/index.php\/wp-json\/wp\/v2\/pages\/360\/revisions\/11454"}],"wp:attachment":[{"href":"https:\/\/burad.co.rs\/index.php\/wp-json\/wp\/v2\/media?parent=360"}],"curies":[{"name":"wp","href":"https:\/\/api.w.org\/{rel}","templated":true}]}}